{"id":60,"date":"2025-12-06T12:47:40","date_gmt":"2025-12-06T12:47:40","guid":{"rendered":"http:\/\/www.kanzlei-kalcik.at\/?page_id=60"},"modified":"2025-12-06T15:54:29","modified_gmt":"2025-12-06T15:54:29","slug":"oeffnungszeiten-zum-jahreswechsel","status":"publish","type":"page","link":"https:\/\/www.kanzlei-kalcik.at\/?page_id=60","title":{"rendered":"\u00d6ffnungszeiten zum Jahreswechsel"},"content":{"rendered":"\n<h2 class=\"wp-block-heading\">\u00d6ffnungszeiten zum Jahreswechsel 2025\/2026<\/h2>\n\n\n\n<p>Werte Klientinnen und Klienten,<br>wir w\u00fcnschen Ihnen erholsame und angenehme Feiertage.<br>Hiermit informieren wir Sie \u00fcber die \u00d6ffnungszeiten zum Jahreswechsel<br>Unsere Kanzlei ist an folgenden Tagen <\/p>\n\n\n\n<h3 class=\"wp-block-heading\"><strong>ge\u00f6ffnet:<\/strong><\/h3>\n\n\n\n<figure class=\"wp-block-table is-style-stripes\"><table><tbody><tr><td>Montag<\/td><td>29.12.2025<\/td><td>09:00 &#8211; 14:00 Uhr<\/td><\/tr><tr><td>Dienstag<\/td><td>30.12.2025<\/td><td>09:00 &#8211; 14:00 Uhr<\/td><\/tr><tr><td>Freitag<\/td><td>02.01.2026<\/td><td>09:00 &#8211; 14:00 Uhr<\/td><\/tr><tr><td>Montag<\/td><td>05.01.2026<\/td><td>09:00 &#8211; 14:00 Uhr<\/td><\/tr><\/tbody><\/table><\/figure>\n\n\n\n<h3 class=\"wp-block-heading\"><strong>geschlossen<\/strong>:<\/h3>\n\n\n\n<figure class=\"wp-block-table is-style-stripes\"><table><tbody><tr><td>Mittwoch<\/td><td>24.12.2025<\/td><td><\/td><\/tr><tr><td>Donnerstag<\/td><td>25.12.2025<\/td><td>Feiertag<\/td><\/tr><tr><td>Freitag<\/td><td>26.12.2025<\/td><td>Feiertag<\/td><\/tr><tr><td>Mittwoch<\/td><td>31.12.2025<\/td><td><\/td><\/tr><tr><td>Donnerstag<\/td><td>01.01.2026<\/td><td>Feiertag<\/td><\/tr><tr><td>Dienstag<\/td><td>06.01.2026<\/td><td>Feiertag<\/td><\/tr><\/tbody><\/table><\/figure>\n\n\n\n<p><strong>Personalverrechnung:<\/strong><\/p>\n\n\n\n<p><strong>Anmeldungen durch die Kanzlei:<\/strong><\/p>\n\n\n\n<p>Anmeldungen k\u00f6nnen nur w\u00e4hrend den \u00d6ffnungszeiten vorgenommen werden. Wir bitten Sie daher, unter der Ber\u00fccksichtigung der Feiertage uns <strong>2 Tage vor Arbeitsantritt<\/strong> alle notwendigen Informationen per E-Mail an &#8222;office@kalcik.co.at&#8220; zu \u00fcbermitteln.<\/p>\n\n\n\n<p><strong>Anmeldung \u00fcber ELDA-Hotline (24 Stunden-Service):<\/strong><\/p>\n\n\n\n<p>Alternativ steht Ihnen die ELDA-Hotline, rund um die Uhr, f\u00fcr Anmeldungen zur Verf\u00fcgung:<\/p>\n\n\n\n<p>Vor-Ort-Anmeldungen sind telefonisch unter <strong>05 766 1460<\/strong> zu melden.<\/p>\n\n\n\n<p>Bitte halten Sie folgende Daten bereit:<br>Dienstnehmerdaten:<\/p>\n\n\n\n<ul class=\"wp-block-list\"><li>Vor- und Nachname<\/li><li>Adresse<\/li><li>Geburtsdatum<\/li><li>Sozialversicherungsnummer<\/li><li>Arbeitsantritt (Datum Arbeitsbeginn)<\/li><li>Arbeiter oder Angestellter<\/li><li>Geringf\u00fcgig (Bruttogehalt bis \u20ac 551,10) oder Vollversichert (Bruttogehalt ab \u20ac 551,11)<\/li><\/ul>\n\n\n\n<p>Firmendaten:<\/p>\n\n\n\n<ul class=\"wp-block-list\"><li>Dienstgeberkonto der \u00d6GK<\/li><li>oder Firmenname + Firmenadresse<\/li><\/ul>\n\n\n\n<p><strong>WICHTIG:<br>Die vorgenommene telefonische Anmeldung wird mit einer Protokollnummer (bitte notieren) versehen. <br>Diese Protokollnummer sowie die vollst\u00e4ndigen Daten zu der angemeldeten Person sind uns sp\u00e4testens am n\u00e4chsten Tag per E-Mail an &#8222;office@kalcik.co.at&#8220; zu \u00fcbermitteln. Ohne unsere Erg\u00e4nzungsmeldung wird die telefonische Anmeldung nach 7 Tagen ung\u00fcltig.<\/strong><\/p>\n","protected":false},"excerpt":{"rendered":"<p>\u00d6ffnungszeiten zum Jahreswechsel 2025\/2026 Werte Klientinnen und Klienten,wir w\u00fcnschen Ihnen erholsame und angenehme Feiertage.Hiermit informieren wir Sie \u00fcber die \u00d6ffnungszeiten zum JahreswechselUnsere Kanzlei ist an folgenden Tagen ge\u00f6ffnet: Montag 29.12.2025 09:00 &#8211; 14:00 Uhr Dienstag 30.12.2025 09:00 &#8211; 14:00 Uhr Freitag 02.01.2026 09:00 &#8211; 14:00 Uhr Montag 05.01.2026 09:00 &#8211; 14:00 Uhr geschlossen: Mittwoch 24.12.2025 &hellip; <\/p>\n<p class=\"link-more\"><a href=\"https:\/\/www.kanzlei-kalcik.at\/?page_id=60\" class=\"more-link\"><span class=\"screen-reader-text\">\u201e\u00d6ffnungszeiten zum Jahreswechsel\u201c<\/span> weiterlesen<\/a><\/p>\n","protected":false},"author":5,"featured_media":0,"parent":0,"menu_order":0,"comment_status":"closed","ping_status":"closed","template":"","meta":{"footnotes":""},"class_list":["post-60","page","type-page","status-publish","hentry"],"_links":{"self":[{"href":"https:\/\/www.kanzlei-kalcik.at\/index.php?rest_route=\/wp\/v2\/pages\/60","targetHints":{"allow":["GET"]}}],"collection":[{"href":"https:\/\/www.kanzlei-kalcik.at\/index.php?rest_route=\/wp\/v2\/pages"}],"about":[{"href":"https:\/\/www.kanzlei-kalcik.at\/index.php?rest_route=\/wp\/v2\/types\/page"}],"author":[{"embeddable":true,"href":"https:\/\/www.kanzlei-kalcik.at\/index.php?rest_route=\/wp\/v2\/users\/5"}],"replies":[{"embeddable":true,"href":"https:\/\/www.kanzlei-kalcik.at\/index.php?rest_route=%2Fwp%2Fv2%2Fcomments&post=60"}],"version-history":[{"count":3,"href":"https:\/\/www.kanzlei-kalcik.at\/index.php?rest_route=\/wp\/v2\/pages\/60\/revisions"}],"predecessor-version":[{"id":98,"href":"https:\/\/www.kanzlei-kalcik.at\/index.php?rest_route=\/wp\/v2\/pages\/60\/revisions\/98"}],"wp:attachment":[{"href":"https:\/\/www.kanzlei-kalcik.at\/index.php?rest_route=%2Fwp%2Fv2%2Fmedia&parent=60"}],"curies":[{"name":"wp","href":"https:\/\/api.w.org\/{rel}","templated":true}]}}