{"id":43,"date":"2025-08-10T11:32:22","date_gmt":"2025-08-10T11:32:22","guid":{"rendered":"http:\/\/www.kanzlei-kalcik.at\/?page_id=43"},"modified":"2026-02-07T17:34:04","modified_gmt":"2026-02-07T17:34:04","slug":"kontakt","status":"publish","type":"page","link":"https:\/\/www.kanzlei-kalcik.at\/","title":{"rendered":""},"content":{"rendered":"\n<h2 class=\"wp-block-heading\"><strong>Kalcik &amp; Co. &#8211; Steuerberatung<\/strong><\/h2>\n\n\n\n<h3 class=\"wp-block-heading has-text-align-left\">B\u00fcrozeiten<\/h3>\n\n\n\n<figure class=\"wp-block-table is-style-regular\"><table class=\"has-fixed-layout\"><tbody><tr><td>Montag &#8211; Donnerstag<\/td><td> 8 &#8211; 16 Uhr<\/td><\/tr><tr><td>Freitag<\/td><td> 8 &#8211; 13 Uhr<\/td><\/tr><\/tbody><\/table><figcaption class=\"wp-element-caption\"><em>Weitere Termine nach telefonischer Vereinbarung.<\/em><\/figcaption><\/figure>\n\n\n\n\n\n<hr class=\"wp-block-separator has-css-opacity is-style-wide\"\/>\n\n\n\n<h3 class=\"wp-block-heading\">Kontakt<\/h3>\n\n\n\n<figure class=\"wp-block-table\"><table><tbody><tr><td>Telefon<\/td><td><strong>01 \/ 982 95 66<\/strong> <em>oder <\/em>01 \/ 985 85 59<\/td><\/tr><tr><td>Fax<\/td><td><strong>01 \/ 789 17 60<\/strong> <em>oder <\/em>01 \/ 789 85 44<\/td><\/tr><tr><td>Adresse<\/td><td>Huttengasse 45<br>1160 Wien<\/td><\/tr><\/tbody><\/table><\/figure>\n\n\n\n<hr class=\"wp-block-separator has-css-opacity is-style-wide\"\/>\n\n\n\n<h3 class=\"wp-block-heading\">E-Mail<\/h3>\n\n\n\n<figure class=\"wp-block-table\"><table><tbody><tr><td><strong>Buchhaltung<\/strong><\/td><td><strong>kanzleikalcik@gmail.com<\/strong><\/td><\/tr><tr><td><strong>Personalverrechnung<\/strong><\/td><td><strong>office@kalcik.co.at<\/strong><\/td><\/tr><tr><td><strong>Steuerberatung<\/strong><\/td><td><strong>office@kanzlei-kalcik.at<\/strong><\/td><\/tr><\/tbody><\/table><figcaption class=\"wp-element-caption\">Hinweis:<br>Angelegenheiten f\u00fcr die Personalverrechnung werden ausschlie\u00dflich \u00fcber die<br>E-Mail Adresse &#8222;office@kalcik.co.at&#8220; bearbeitet.<\/figcaption><\/figure>\n\n\n\n<p>Anmeldungen sind mindestens <strong>zwei Werktage<\/strong> <strong>VOR Dienstantritt<\/strong> inkl. ausgef\u00fcllten Datenblatt zu \u00fcbermitteln.<br>Abmeldungen und \u00c4nderungen sind umgehend zu \u00fcbermitteln.<br>Bei versp\u00e4teten Meldungen verh\u00e4ngt die \u00d6GK S\u00e4umniszuschl\u00e4ge.<\/p>\n\n\n\n<p>Gerne beraten wir Sie zu Ihrem Anliegen aus den Bereichen Personalverrechnung, Buchhaltung und Steuern.<\/p>\n","protected":false},"excerpt":{"rendered":"<p>Kalcik &amp; Co. &#8211; Steuerberatung B\u00fcrozeiten Montag &#8211; Donnerstag 8 &#8211; 16 Uhr Freitag 8 &#8211; 13 Uhr Weitere Termine nach telefonischer Vereinbarung. Kontakt Telefon 01 \/ 982 95 66 oder 01 \/ 985 85 59 Fax 01 \/ 789 17 60 oder 01 \/ 789 85 44 Adresse Huttengasse 451160 Wien E-Mail Buchhaltung kanzleikalcik@gmail.com &hellip; <\/p>\n<p class=\"link-more\"><a href=\"https:\/\/www.kanzlei-kalcik.at\/\" class=\"more-link\"><span class=\"screen-reader-text\">\u201e\u201c<\/span> weiterlesen<\/a><\/p>\n","protected":false},"author":5,"featured_media":0,"parent":0,"menu_order":0,"comment_status":"closed","ping_status":"closed","template":"","meta":{"footnotes":""},"class_list":["post-43","page","type-page","status-publish","hentry"],"_links":{"self":[{"href":"https:\/\/www.kanzlei-kalcik.at\/index.php?rest_route=\/wp\/v2\/pages\/43","targetHints":{"allow":["GET"]}}],"collection":[{"href":"https:\/\/www.kanzlei-kalcik.at\/index.php?rest_route=\/wp\/v2\/pages"}],"about":[{"href":"https:\/\/www.kanzlei-kalcik.at\/index.php?rest_route=\/wp\/v2\/types\/page"}],"author":[{"embeddable":true,"href":"https:\/\/www.kanzlei-kalcik.at\/index.php?rest_route=\/wp\/v2\/users\/5"}],"replies":[{"embeddable":true,"href":"https:\/\/www.kanzlei-kalcik.at\/index.php?rest_route=%2Fwp%2Fv2%2Fcomments&post=43"}],"version-history":[{"count":30,"href":"https:\/\/www.kanzlei-kalcik.at\/index.php?rest_route=\/wp\/v2\/pages\/43\/revisions"}],"predecessor-version":[{"id":141,"href":"https:\/\/www.kanzlei-kalcik.at\/index.php?rest_route=\/wp\/v2\/pages\/43\/revisions\/141"}],"wp:attachment":[{"href":"https:\/\/www.kanzlei-kalcik.at\/index.php?rest_route=%2Fwp%2Fv2%2Fmedia&parent=43"}],"curies":[{"name":"wp","href":"https:\/\/api.w.org\/{rel}","templated":true}]}}