{"id":3,"date":"2020-07-21T17:48:40","date_gmt":"2020-07-21T17:48:40","guid":{"rendered":"http:\/\/www.kanzlei-kalcik.at\/?page_id=3"},"modified":"2025-12-15T22:03:52","modified_gmt":"2025-12-15T22:03:52","slug":"privacy-policy","status":"publish","type":"page","link":"https:\/\/www.kanzlei-kalcik.at\/?page_id=3","title":{"rendered":"Datenschutz"},"content":{"rendered":"\n<p>Der Schutz Ihrer pers\u00f6nlichen Daten ist uns ein besonderes Anliegen. Wir verarbeiten Ihre Daten daher ausschlie\u00dflich auf Grundlage der gesetzlichen Bestimmungen (DSGVO, TKG 2003). In dieser Datenschutzerkl\u00e4rung informieren wir Sie \u00fcber die wichtigsten Aspekte der Datenverarbeitung im Rahmen unserer Website.<\/p>\n\n\n\n<p><strong>Datenschutzbeauftragte:<\/strong><\/p>\n\n\n\n<p>Mag. Blanka DITETOVA<br>Kalcik &amp; Co Ges.m.b.H.<br>Huttengasse 45<br>1160 Wien<br><a href=\"mailto:office@kanzlei-kalcik.at\">office@kanzlei-kalcik.at<\/a><br>+43 (1) 982 95 66<\/p>\n\n\n\n<p><strong>Datenerhebung bei Kontaktaufnahme<\/strong><\/p>\n\n\n\n<p>Wenn Sie schriftlich, telefonisch, \u00fcber das Formular auf unserer Website oder per E-Mail mit uns Kontakt aufnehmen, werden Ihre angegebenen Daten zum Zwecke der Bearbeitung Ihrer Anfrage und f\u00fcr den Fall von Anschlussfragen f\u00fcr die Dauer der gesetzlichen Aufbewahrungsfrist bei uns gespeichert. Diese Daten geben wir ohne Ihre Einwilligung nicht an Dritte weiter.<\/p>\n\n\n\n<p><strong>Cookies<\/strong><\/p>\n\n\n\n<p>Unsere Website verwendet so genannte Cookies. Dabei handelt es sich um kleine Textdateien, die mit Hilfe des Browsers auf Ihrem Endger\u00e4t abgelegt werden. Sie richten keinen Schaden an.<\/p>\n\n\n\n<p>Wir nutzen Cookies dazu, unser Angebot nutzerfreundlich zu gestalten. Einige Cookies bleiben auf Ihrem Endger\u00e4t gespeichert, bis Sie diese l\u00f6schen. Sie erm\u00f6glichen es uns, Ihren Browser beim n\u00e4chsten Besuch wiederzuerkennen.<\/p>\n\n\n\n<p>Wenn Sie dies nicht w\u00fcnschen, so k\u00f6nnen Sie Ihren Browser so einrichten, dass er Sie \u00fcber das Setzen von Cookies informiert und Sie dies nur im Einzelfall erlauben.<\/p>\n\n\n\n<p>Bei der Deaktivierung von Cookies kann die Funktionalit\u00e4t unserer Website eingeschr\u00e4nkt sein.<\/p>\n\n\n\n<p><strong>Webhoster \/ Provider<\/strong><\/p>\n\n\n\n<p>Der Webspace-Provider speichert Daten \u00fcber jeden Zugriff auf die Website (in sogenannten Serverlogfiles). Zu diesen Daten geh\u00f6ren: Name der Website, Meldung \u00fcber den Aufruf, Browsertyp, Betriebssystem, Referrer-URL (zuvor besuchte Website), IP Adresse und der anfragende Provider. Diese Daten werden nur f\u00fcr statistische Zwecke aufgezeichnet und diesen zur Optimierung der Sicherheit des Hostingsystems.<\/p>\n\n\n\n<p><strong>Dauer der Datenspeicherung<\/strong><\/p>\n\n\n\n<p>Die Nutzerdaten werden f\u00fcr die Dauer der gesetzlichen Aufbewahrungsfrist gespeichert und aufbewahrt. Nach Ablauf der Frist werden die entsprechenden Daten routinem\u00e4\u00dfig gel\u00f6scht, sofern sie nicht mehr zur Vertragserf\u00fcllung oder Vertragsanbahnung erforderlich sind.<\/p>\n\n\n\n<p><strong>Aktualisierung der Bestimmungen<\/strong><\/p>\n\n\n\n<p>Wir behalten uns das Recht vor, diese Bestimmungen jederzeit entsprechend den Gesch\u00e4ftserfordernissen zu \u00e4ndern.<\/p>\n\n\n\n<p><strong>Ihre Rechte<\/strong><\/p>\n\n\n\n<p>Ihnen stehen grunds\u00e4tzlich die Rechte auf Auskunft, Berichtigung, L\u00f6schung, Einschr\u00e4nkung, Daten\u00fcbertragbarkeit, Widerruf und Widerspruch zu. Wenn Sie glauben, dass die Verarbeitung Ihrer Daten gegen das Datenschutzrecht verst\u00f6\u00dft oder Ihre datenschutzrechtlichen Anspr\u00fcche sonst in einer Weise verletzt worden sind, so bitte wir Sie mit uns Kontakt aufzunehmen, um allf\u00e4llige Fragen aufkl\u00e4ren zu k\u00f6nnen. Sie k\u00f6nnen sich selbstverst\u00e4ndlich auch bei der Aufsichtsbeh\u00f6rde beschweren. In \u00d6sterreich ist dies die Datenschutzbeh\u00f6rde.<\/p>\n\n\n\n<p>Selbstverst\u00e4ndlich stehen wir Ihnen gerne jederzeit f\u00fcr Ausk\u00fcnfte zum Datenschutz auf unserer Website zur Verf\u00fcgung.<\/p>\n","protected":false},"excerpt":{"rendered":"<p>Der Schutz Ihrer pers\u00f6nlichen Daten ist uns ein besonderes Anliegen. Wir verarbeiten Ihre Daten daher ausschlie\u00dflich auf Grundlage der gesetzlichen Bestimmungen (DSGVO, TKG 2003). In dieser Datenschutzerkl\u00e4rung informieren wir Sie \u00fcber die wichtigsten Aspekte der Datenverarbeitung im Rahmen unserer Website. Datenschutzbeauftragte: Mag. Blanka DITETOVAKalcik &amp; Co Ges.m.b.H.Huttengasse 451160 Wienoffice@kanzlei-kalcik.at+43 (1) 982 95 66 Datenerhebung bei &hellip; <\/p>\n<p class=\"link-more\"><a href=\"https:\/\/www.kanzlei-kalcik.at\/?page_id=3\" class=\"more-link\"><span class=\"screen-reader-text\">\u201eDatenschutz\u201c<\/span> weiterlesen<\/a><\/p>\n","protected":false},"author":1,"featured_media":0,"parent":0,"menu_order":0,"comment_status":"closed","ping_status":"open","template":"","meta":{"footnotes":""},"class_list":["post-3","page","type-page","status-publish","hentry"],"_links":{"self":[{"href":"https:\/\/www.kanzlei-kalcik.at\/index.php?rest_route=\/wp\/v2\/pages\/3","targetHints":{"allow":["GET"]}}],"collection":[{"href":"https:\/\/www.kanzlei-kalcik.at\/index.php?rest_route=\/wp\/v2\/pages"}],"about":[{"href":"https:\/\/www.kanzlei-kalcik.at\/index.php?rest_route=\/wp\/v2\/types\/page"}],"author":[{"embeddable":true,"href":"https:\/\/www.kanzlei-kalcik.at\/index.php?rest_route=\/wp\/v2\/users\/1"}],"replies":[{"embeddable":true,"href":"https:\/\/www.kanzlei-kalcik.at\/index.php?rest_route=%2Fwp%2Fv2%2Fcomments&post=3"}],"version-history":[{"count":2,"href":"https:\/\/www.kanzlei-kalcik.at\/index.php?rest_route=\/wp\/v2\/pages\/3\/revisions"}],"predecessor-version":[{"id":130,"href":"https:\/\/www.kanzlei-kalcik.at\/index.php?rest_route=\/wp\/v2\/pages\/3\/revisions\/130"}],"wp:attachment":[{"href":"https:\/\/www.kanzlei-kalcik.at\/index.php?rest_route=%2Fwp%2Fv2%2Fmedia&parent=3"}],"curies":[{"name":"wp","href":"https:\/\/api.w.org\/{rel}","templated":true}]}}