{"id":122,"date":"2025-12-09T18:31:21","date_gmt":"2025-12-09T18:31:21","guid":{"rendered":"http:\/\/www.kanzlei-kalcik.at\/?page_id=122"},"modified":"2025-12-25T17:46:49","modified_gmt":"2025-12-25T17:46:49","slug":"anfahrt","status":"publish","type":"page","link":"https:\/\/www.kanzlei-kalcik.at\/?page_id=122","title":{"rendered":"Anfahrt"},"content":{"rendered":"\n<p>Kalcik &amp; Co Gesellschaft m.b.H.<br>Huttengasse 45\/25-26<br>1160 Wien<br> 1.  Stock &#8211; Stiegenaufgang rechts;<\/p>\n\n\n\n<p><em>F\u00fcr Beratungsgespr\u00e4che ausschlie\u00dflich nur nach Terminvereinbarung.<br>Buchhaltungsunterlagen k\u00f6nnen jederzeit zu den <strong><a href=\"https:\/\/www.kanzlei-kalcik.at\/\">\u00d6ffnungszeiten <\/a><\/strong>abgegeben werden.<\/em><\/p>\n\n\n\n<div class=\"wp-block-media-text alignwide has-media-on-the-right is-stacked-on-mobile\" style=\"grid-template-columns:auto 49%\"><div class=\"wp-block-media-text__content\">\n<p><strong>\u00d6ffentliche Verkehrsmittel<\/strong><\/p>\n\n\n\n<p><strong>U3 &#8211; Kendlerstrasse<\/strong> &#8211; Aufgang: Opfermanngasse, ca. 4-5 Gehminuten<\/p>\n\n\n\n<p><strong>Stra\u00dfenbahnlinie 10 &#8211; Gutraterplatz<\/strong><br>(Richtung Dornbach &#8211; Hauseingang direkt gegen\u00fcber der Haltestelle)<br>(Richtung Unter St. Veit &#8211; ca. 2 Gehminuten)<\/p>\n\n\n\n<p><strong>Bus 48A &#8211; ca. 3 Gehminuten<\/strong><\/p>\n\n\n\n<p><strong>S45 Schnellbahn &#8211; ca. 8 Gehminuten<\/strong><\/p>\n<\/div><figure class=\"wp-block-media-text__media\"><img loading=\"lazy\" decoding=\"async\" width=\"1024\" height=\"971\" src=\"https:\/\/www.kanzlei-kalcik.at\/wp-content\/uploads\/2025\/12\/Google-Maps-Kalcik-Anfahrt-1024x971.png\" alt=\"\" class=\"wp-image-123 size-full\" srcset=\"https:\/\/www.kanzlei-kalcik.at\/wp-content\/uploads\/2025\/12\/Google-Maps-Kalcik-Anfahrt-1024x971.png 1024w, https:\/\/www.kanzlei-kalcik.at\/wp-content\/uploads\/2025\/12\/Google-Maps-Kalcik-Anfahrt-300x284.png 300w, https:\/\/www.kanzlei-kalcik.at\/wp-content\/uploads\/2025\/12\/Google-Maps-Kalcik-Anfahrt-768x728.png 768w, https:\/\/www.kanzlei-kalcik.at\/wp-content\/uploads\/2025\/12\/Google-Maps-Kalcik-Anfahrt.png 1506w\" sizes=\"auto, (max-width: 706px) 89vw, (max-width: 767px) 82vw, 740px\" \/><\/figure><\/div>\n\n\n\n<hr class=\"wp-block-separator has-css-opacity\"\/>\n\n\n\n<p><strong>PKW<\/strong><\/p>\n\n\n\n<p><strong>Kurzparkzone<\/strong>  &#8211; Auf der Huttengasse und umliegenden Stra\u00dfen &amp; Gassen gilt <strong>kostenpflichtige Kurzparkzone von 9 &#8211; 22 Uhr<\/strong> &#8211; Parkschein erforderlich<br>(nutzen Sie z.B. Handyparken, Parkscheine erhalten Sie in der Trafik oder am Ticketautomat in der U-Bahn-Haltestelle)<br><em>Parkpickerl f\u00fcr den 14.+15.+16. Bezirk sind hier g\u00fcltig (Grenzbezirk).<\/em><\/p>\n\n\n\n<p><br><strong>Park &amp; Ride &#8211; Garagenplatz <\/strong><br>Im gegen\u00fcberliegenden Park &amp; Ride gibt es kostenpflichtige Kurzparkpl\u00e4tze.<br>Verf\u00fcgbarkeit abh\u00e4ngig von der Auslastung &#8211; diese wird via Bildschirm angezeigt.<\/p>\n","protected":false},"excerpt":{"rendered":"<p>Kalcik &amp; Co Gesellschaft m.b.H.Huttengasse 45\/25-261160 Wien 1. Stock &#8211; Stiegenaufgang rechts; F\u00fcr Beratungsgespr\u00e4che ausschlie\u00dflich nur nach Terminvereinbarung.Buchhaltungsunterlagen k\u00f6nnen jederzeit zu den \u00d6ffnungszeiten abgegeben werden. \u00d6ffentliche Verkehrsmittel U3 &#8211; Kendlerstrasse &#8211; Aufgang: Opfermanngasse, ca. 4-5 Gehminuten Stra\u00dfenbahnlinie 10 &#8211; Gutraterplatz(Richtung Dornbach &#8211; Hauseingang direkt gegen\u00fcber der Haltestelle)(Richtung Unter St. Veit &#8211; ca. 2 Gehminuten) Bus &hellip; <\/p>\n<p class=\"link-more\"><a href=\"https:\/\/www.kanzlei-kalcik.at\/?page_id=122\" class=\"more-link\"><span class=\"screen-reader-text\">\u201eAnfahrt\u201c<\/span> weiterlesen<\/a><\/p>\n","protected":false},"author":5,"featured_media":0,"parent":0,"menu_order":0,"comment_status":"closed","ping_status":"closed","template":"","meta":{"footnotes":""},"class_list":["post-122","page","type-page","status-publish","hentry"],"_links":{"self":[{"href":"https:\/\/www.kanzlei-kalcik.at\/index.php?rest_route=\/wp\/v2\/pages\/122","targetHints":{"allow":["GET"]}}],"collection":[{"href":"https:\/\/www.kanzlei-kalcik.at\/index.php?rest_route=\/wp\/v2\/pages"}],"about":[{"href":"https:\/\/www.kanzlei-kalcik.at\/index.php?rest_route=\/wp\/v2\/types\/page"}],"author":[{"embeddable":true,"href":"https:\/\/www.kanzlei-kalcik.at\/index.php?rest_route=\/wp\/v2\/users\/5"}],"replies":[{"embeddable":true,"href":"https:\/\/www.kanzlei-kalcik.at\/index.php?rest_route=%2Fwp%2Fv2%2Fcomments&post=122"}],"version-history":[{"count":5,"href":"https:\/\/www.kanzlei-kalcik.at\/index.php?rest_route=\/wp\/v2\/pages\/122\/revisions"}],"predecessor-version":[{"id":134,"href":"https:\/\/www.kanzlei-kalcik.at\/index.php?rest_route=\/wp\/v2\/pages\/122\/revisions\/134"}],"wp:attachment":[{"href":"https:\/\/www.kanzlei-kalcik.at\/index.php?rest_route=%2Fwp%2Fv2%2Fmedia&parent=122"}],"curies":[{"name":"wp","href":"https:\/\/api.w.org\/{rel}","templated":true}]}}