{"id":105,"date":"2025-12-06T16:34:11","date_gmt":"2025-12-06T16:34:11","guid":{"rendered":"http:\/\/www.kanzlei-kalcik.at\/?page_id=105"},"modified":"2025-12-09T16:53:56","modified_gmt":"2025-12-09T16:53:56","slug":"impressum","status":"publish","type":"page","link":"https:\/\/www.kanzlei-kalcik.at\/?page_id=105","title":{"rendered":"Impressum"},"content":{"rendered":"\n<p>Impressums- und Offenlegungspflicht gem\u00e4\u00df \u00a7\u00a7 24, 25 MedienG<br>Informationspflichten gem\u00e4\u00df \u00a7 5 E-Commerce Gesetz (ECG)<br>Offenlegungspflicht gem\u00e4\u00df \u00a7 14 UGB<\/p>\n\n\n\n<p><strong>Kalcik &amp; Co. Gesellschaft m.b.H.<br>Steuerberatung<\/strong><\/p>\n\n\n\n<p>Huttengasse 45<br>1160 Wien<br>Tel.: +43 1 982 95 66<br>Fax: +43 1 985 85 59<br>E-Mail: office@kanzlei-kalcik.at<br><br><strong>Rechtsform<\/strong><br>Gesellschaft mit beschr\u00e4nkter Haftung<br><br><strong>Firmenbuch<\/strong><br>FN 55632m, HG Wien<br><br><strong>UID-Nr.<\/strong><br>ATU16105809<br><br><strong>WT-Code<br><\/strong>800631z<br><br><strong>Kammerzugeh\u00f6rigkeit<\/strong><br>Mitglied der Kammer der Steuerberater und Wirtschaftspr\u00fcfer<\/p>\n\n\n\n<p><strong>Aufsichtsbeh\u00f6rde<\/strong><br>Kammer der Steuerberater und Wirtschaftspr\u00fcfer<br>Aufsichtsbeh\u00f6rde der Kammer der Steuerberater und Wirtschaftspr\u00fcfer:<br>Bundesministerium f\u00fcr Arbeit und Wirtschaft.<\/p>\n\n\n\n<p>Auf unsere T\u00e4tigkeit ist das Wirtschaftstreuhandberufsgesetz 2017 (WTBG 2017) anwendbar, welches unter http:\/\/www.ris.bka.gv.at\/ abrufbar ist.<br><br><strong>Unternehmensgegenstand<\/strong><br>Steuerberatung<\/p>\n\n\n\n<p><strong>Gesch\u00e4ftsf\u00fchrer:innen<\/strong><br>50% StB Mag. Christopher Grass<br>50% Eckel &amp; Steindl Steuerberatungspartnerschaft OG<\/p>\n","protected":false},"excerpt":{"rendered":"<p>Impressums- und Offenlegungspflicht gem\u00e4\u00df \u00a7\u00a7 24, 25 MedienGInformationspflichten gem\u00e4\u00df \u00a7 5 E-Commerce Gesetz (ECG)Offenlegungspflicht gem\u00e4\u00df \u00a7 14 UGB Kalcik &amp; Co. Gesellschaft m.b.H.Steuerberatung Huttengasse 451160 WienTel.: +43 1 982 95 66Fax: +43 1 985 85 59E-Mail: office@kanzlei-kalcik.at RechtsformGesellschaft mit beschr\u00e4nkter Haftung FirmenbuchFN 55632m, HG Wien UID-Nr.ATU16105809 WT-Code800631z Kammerzugeh\u00f6rigkeitMitglied der Kammer der Steuerberater und Wirtschaftspr\u00fcfer Aufsichtsbeh\u00f6rdeKammer &hellip; <\/p>\n<p class=\"link-more\"><a href=\"https:\/\/www.kanzlei-kalcik.at\/?page_id=105\" class=\"more-link\"><span class=\"screen-reader-text\">\u201eImpressum\u201c<\/span> weiterlesen<\/a><\/p>\n","protected":false},"author":5,"featured_media":0,"parent":0,"menu_order":0,"comment_status":"closed","ping_status":"closed","template":"","meta":{"footnotes":""},"class_list":["post-105","page","type-page","status-publish","hentry"],"_links":{"self":[{"href":"https:\/\/www.kanzlei-kalcik.at\/index.php?rest_route=\/wp\/v2\/pages\/105","targetHints":{"allow":["GET"]}}],"collection":[{"href":"https:\/\/www.kanzlei-kalcik.at\/index.php?rest_route=\/wp\/v2\/pages"}],"about":[{"href":"https:\/\/www.kanzlei-kalcik.at\/index.php?rest_route=\/wp\/v2\/types\/page"}],"author":[{"embeddable":true,"href":"https:\/\/www.kanzlei-kalcik.at\/index.php?rest_route=\/wp\/v2\/users\/5"}],"replies":[{"embeddable":true,"href":"https:\/\/www.kanzlei-kalcik.at\/index.php?rest_route=%2Fwp%2Fv2%2Fcomments&post=105"}],"version-history":[{"count":3,"href":"https:\/\/www.kanzlei-kalcik.at\/index.php?rest_route=\/wp\/v2\/pages\/105\/revisions"}],"predecessor-version":[{"id":121,"href":"https:\/\/www.kanzlei-kalcik.at\/index.php?rest_route=\/wp\/v2\/pages\/105\/revisions\/121"}],"wp:attachment":[{"href":"https:\/\/www.kanzlei-kalcik.at\/index.php?rest_route=%2Fwp%2Fv2%2Fmedia&parent=105"}],"curies":[{"name":"wp","href":"https:\/\/api.w.org\/{rel}","templated":true}]}}